{"id":9426,"date":"2022-02-02T14:04:57","date_gmt":"2022-02-02T14:04:57","guid":{"rendered":"https:\/\/energiapolska.com.pl\/polityka-przetwarzania-danych-osobowych\/"},"modified":"2024-10-08T10:19:33","modified_gmt":"2024-10-08T10:19:33","slug":"datenverarbeitungsrichtlinie","status":"publish","type":"page","link":"https:\/\/energiapolska.com.pl\/de\/datenverarbeitungsrichtlinie\/","title":{"rendered":"Datenverarbeitungsrichtlinie"},"content":{"rendered":"<p><strong>Richtlinie zur Verarbeitung personenbezogener Daten durch Energia Polska Sp. z o.o. z o. o.<\/strong><\/p>\n<p>In diesem Dokument wird beschrieben, welche personenbezogenen Daten von Energia Polska Sp. z o.o. erfasst werden. z o. o. (im Folgenden: das Unternehmen\/Administrator) und stellt au\u00dferdem die Art ihrer Nutzung und ihres Schutzes im Zusammenhang mit den Bestimmungen zum Schutz personenbezogener Daten, einschlie\u00dflich der Verordnung (EU) 2016\/679 des Europ\u00e4ischen Parlaments und des Rates, vor vom 27. April 2016 zum Schutz nat\u00fcrlicher Personen bei der Verarbeitung personenbezogener Daten, zum freien Datenverkehr und zur Aufhebung der Richtlinie 95\/46\/EG (\u201eDSGVO\u201c).<\/p>\n<p>1. Datenadministrator.<\/p>\n<p>Der Administrator der von Ihnen bereitgestellten personenbezogenen Daten ist: Energia Polska Sp. z o.o. z o. o. mit Sitz in Breslau, al. Kasztanowa 5, 53-125 Breslau, KRS: 0000488523.<\/p>\n<p>2. Zwecke und Rechtsgrundlage f\u00fcr die Verarbeitung personenbezogener Daten durch den Administrator.<\/p>\n<p>Die erhaltenen personenbezogenen Daten werden vom Administrator f\u00fcr folgende Zwecke verarbeitet:<\/p>\n<p>a) Abschluss und Durchf\u00fchrung eines Vertrages \u00fcber die Erbringung der vom Verwalter angebotenen Verkaufsdienstleistungen oder Ergreifen von Ma\u00dfnahmen zum Abschluss eines Vertrages. Zu diesem Zweck werden zus\u00e4tzliche Daten zum Energie- bzw. Gasverbrauch beim VNB bzw. OSP eingeholt \u2013 Rechtsgrundlage: Art. 6 Abschnitt 1 Buchstabe b DSGVO (Vertragsabschluss und Vertragsdurchf\u00fchrung);<br \/>\nb) Zusendung bestellter kommerzieller Informationen oder Nutzung der Direktvermarktung der angebotenen Dienstleistungen im Zusammenhang mit dem Verkauf von Strom oder Gas \u2013 basierend auf der Einwilligung des Kunden zur Verarbeitung personenbezogener Daten \u2013 Art. 6 Abschnitt 1 Buchstabe Und;<br \/>\nc) m\u00f6gliche Feststellung und Verfolgung von Anspr\u00fcchen bzw. Abwehr von Anspr\u00fcchen, einschlie\u00dflich Forderungsverkauf \u2013 Rechtsgrundlage, berechtigter Zweck des Verwalters, Art. 6 Abschnitt 1 Buchstabe f DSGVO;<br \/>\nd) Archivierung, soweit dies zur Erf\u00fcllung gesetzlicher Verpflichtungen, insbesondere Steuervorschriften, Energierecht, Rechnungslegungsvorschriften, erforderlich ist \u2013 Rechtsgrundlage: Art. 6 Abschnitt 1 Buchstabe c (Erf\u00fcllung der gesetzlich vorgeschriebenen Verpflichtung);<br \/>\ne) Durchf\u00fchrung aktueller oder zuk\u00fcnftiger Rekrutierungsprozesse \u2013 basierend auf der vom Kandidaten erteilten Einwilligung zur Verarbeitung personenbezogener Daten, Rechtsgrundlage: Art. 6 Abs. 1 lit. a DSGVO. 6 Abschnitt 1 Buchstabe a DSGVO.<\/p>\n<p>3. Datenempf\u00e4nger<\/p>\n<p><strong>Die erhaltenen personenbezogenen Daten werden vom Verantwortlichen nur weitergegeben:<\/strong><\/p>\n<p>a) Dritte, die Daten im eigenen Namen verarbeiten, darunter unter anderem: Betreiber von Verteilungsnetzen und Unternehmen, die Dienstleistungen f\u00fcr den Administrator erbringen, einschlie\u00dflich Buchhaltung, Steuern, Rechtshilfe, Post, Kurier, Anbieter von IT-Systemen und IT-Dienstleistungen;<br \/>\nb) Beh\u00f6rden oder Dritte, die solche Informationen auf der Grundlage einer geeigneten Rechtsgrundlage und im Einklang mit den Bestimmungen des geltenden Rechts anfordern.<\/p>\n<p>4. Zeitraum der Verarbeitung der erfassten Daten:<\/p>\n<p><strong>Personenbezogene Daten werden zu den beschriebenen Zwecken verarbeitet:<\/strong><\/p>\n<p>a) im Punkt 2 Buchstaben a, c, d f\u00fcr die Dauer der Vertragserf\u00fcllung und Erf\u00fcllung der dem Verwalter gesetzlich auferlegten Pflichten sowie f\u00fcr die Frist zur Geltendmachung von Anspr\u00fcchen im Zusammenhang mit der Vertragserf\u00fcllung;<br \/>\nb) in Punkt 2 Buchstaben b, e, bis zum Widerruf der Einwilligung.<\/p>\n<p>5. Rechte der Personen, deren Daten verarbeitet werden<\/p>\n<p><strong>Personen, deren personenbezogene Daten verarbeitet werden, haben unter anderem Anspruch auf:<\/strong><\/p>\n<p>a) das Recht, auf den Inhalt der Daten zuzugreifen, deren Berichtigung, L\u00f6schung, Einschr\u00e4nkung der Verarbeitung zu verlangen, das Recht auf Daten\u00fcbertragung und das Recht, der Datenverarbeitung zu widersprechen;<br \/>\nb) das Recht, eine Beschwerde beim Pr\u00e4sidenten des Amtes f\u00fcr den Schutz personenbezogener Daten einzureichen. Wenn davon ausgegangen wird, dass die Verarbeitung personenbezogener Daten gegen die Bestimmungen der DSGVO oder andere Bestimmungen zum Schutz personenbezogener Daten verst\u00f6\u00dft;<br \/>\nc) das Recht, die Einwilligung zur Verarbeitung personenbezogener Daten zu widerrufen, wenn personenbezogene Daten auf der Grundlage einer Einwilligung verarbeitet werden \u2013 Art. 6 Abschnitt 1 Buchstabe Der Widerruf der Einwilligung ber\u00fchrt jedoch nicht die Rechtm\u00e4\u00dfigkeit der aufgrund der Einwilligung bis zum Widerruf erfolgten Verarbeitung.<\/p>\n<p>6. Bedingungen f\u00fcr die Bereitstellung von Daten.<\/p>\n<p><strong>Bereitstellung von Daten im beschriebenen Umfang:<\/strong><\/p>\n<p>1) Punkt 2 Buchstaben a, c und d sind freiwillig, aber f\u00fcr den Abschluss eines Arbeitsvertrags erforderlich und haben eine Rechtsgrundlage in den Bestimmungen des Arbeitsgesetzbuchs;<br \/>\n2) Punkt 2 Buchstaben b ist freiwillig, aber notwendig, wenn Sie aktuelle kommerzielle Informationen erhalten oder Direktmarketing f\u00fcr die angebotenen Dienstleistungen im Zusammenhang mit dem Verkauf von Strom oder Gas nutzen m\u00f6chten;<br \/>\n3) Punkt 2 Buchstaben e ist freiwillig, aber notwendig, um am Einstellungsverfahren teilzunehmen.<\/p>\n<p>Die aktuelle Version der Richtlinie vom Mai 2018 ist auch auf der Website http:\/\/www.energia-polska.local in der Registerkarte \u201eRichtlinien zur Verarbeitung personenbezogener Daten\u201c verf\u00fcgbar.<\/p>\n","protected":false},"excerpt":{"rendered":"<p>Richtlinie zur Verarbeitung personenbezogener Daten durch Energia Polska Sp. z o.o. z o. o. In diesem Dokument wird beschrieben, welche personenbezogenen Daten von Energia Polska Sp. z o.o. erfasst werden. z o. o. (im Folgenden: das Unternehmen\/Administrator) und stellt au\u00dferdem die Art ihrer Nutzung und ihres Schutzes im Zusammenhang mit den Bestimmungen zum Schutz personenbezogener [&hellip;]<\/p>\n","protected":false},"author":1,"featured_media":9427,"parent":0,"menu_order":0,"comment_status":"closed","ping_status":"open","template":"","meta":{"_acf_changed":false,"inline_featured_image":false,"footnotes":""},"class_list":["post-9426","page","type-page","status-publish","has-post-thumbnail","hentry"],"acf":[],"yoast_head":"<!-- This site is optimized with the Yoast SEO plugin v25.2 - https:\/\/yoast.com\/wordpress\/plugins\/seo\/ -->\n<title>Datenverarbeitungsrichtlinie - Energia Polska<\/title>\n<meta name=\"robots\" content=\"index, follow, max-snippet:-1, max-image-preview:large, max-video-preview:-1\" \/>\n<link rel=\"canonical\" href=\"https:\/\/energiapolska.com.pl\/de\/datenverarbeitungsrichtlinie\/\" \/>\n<meta property=\"og:locale\" content=\"de_DE\" \/>\n<meta property=\"og:type\" content=\"article\" \/>\n<meta property=\"og:title\" content=\"Datenverarbeitungsrichtlinie - Energia Polska\" \/>\n<meta property=\"og:description\" content=\"Richtlinie zur Verarbeitung personenbezogener Daten durch Energia Polska Sp. z o.o. z o. o. In diesem Dokument wird beschrieben, welche personenbezogenen Daten von Energia Polska Sp. z o.o. erfasst werden. z o. o. (im Folgenden: das Unternehmen\/Administrator) und stellt au\u00dferdem die Art ihrer Nutzung und ihres Schutzes im Zusammenhang mit den Bestimmungen zum Schutz personenbezogener [&hellip;]\" \/>\n<meta property=\"og:url\" content=\"https:\/\/energiapolska.com.pl\/de\/datenverarbeitungsrichtlinie\/\" \/>\n<meta property=\"og:site_name\" content=\"Energia Polska\" \/>\n<meta property=\"article:modified_time\" content=\"2024-10-08T10:19:33+00:00\" \/>\n<meta property=\"og:image\" content=\"https:\/\/energiapolska.com.pl\/wp-content\/uploads\/2022\/03\/partnership-benefits-bg.jpg\" \/>\n\t<meta property=\"og:image:width\" content=\"1920\" \/>\n\t<meta property=\"og:image:height\" content=\"1195\" \/>\n\t<meta property=\"og:image:type\" content=\"image\/jpeg\" \/>\n<meta name=\"twitter:card\" content=\"summary_large_image\" \/>\n<meta name=\"twitter:label1\" content=\"Gesch\u00e4tzte Lesezeit\" \/>\n\t<meta name=\"twitter:data1\" content=\"5\u00a0Minuten\" \/>\n<script type=\"application\/ld+json\" class=\"yoast-schema-graph\">{\"@context\":\"https:\/\/schema.org\",\"@graph\":[{\"@type\":\"WebPage\",\"@id\":\"https:\/\/energiapolska.com.pl\/de\/datenverarbeitungsrichtlinie\/\",\"url\":\"https:\/\/energiapolska.com.pl\/de\/datenverarbeitungsrichtlinie\/\",\"name\":\"Datenverarbeitungsrichtlinie - Energia Polska\",\"isPartOf\":{\"@id\":\"https:\/\/energiapolska.com.pl\/de\/#website\"},\"primaryImageOfPage\":{\"@id\":\"https:\/\/energiapolska.com.pl\/de\/datenverarbeitungsrichtlinie\/#primaryimage\"},\"image\":{\"@id\":\"https:\/\/energiapolska.com.pl\/de\/datenverarbeitungsrichtlinie\/#primaryimage\"},\"thumbnailUrl\":\"https:\/\/energiapolska.com.pl\/wp-content\/uploads\/2022\/03\/partnership-benefits-bg.jpg\",\"datePublished\":\"2022-02-02T14:04:57+00:00\",\"dateModified\":\"2024-10-08T10:19:33+00:00\",\"breadcrumb\":{\"@id\":\"https:\/\/energiapolska.com.pl\/de\/datenverarbeitungsrichtlinie\/#breadcrumb\"},\"inLanguage\":\"de\",\"potentialAction\":[{\"@type\":\"ReadAction\",\"target\":[\"https:\/\/energiapolska.com.pl\/de\/datenverarbeitungsrichtlinie\/\"]}]},{\"@type\":\"ImageObject\",\"inLanguage\":\"de\",\"@id\":\"https:\/\/energiapolska.com.pl\/de\/datenverarbeitungsrichtlinie\/#primaryimage\",\"url\":\"https:\/\/energiapolska.com.pl\/wp-content\/uploads\/2022\/03\/partnership-benefits-bg.jpg\",\"contentUrl\":\"https:\/\/energiapolska.com.pl\/wp-content\/uploads\/2022\/03\/partnership-benefits-bg.jpg\",\"width\":1920,\"height\":1195},{\"@type\":\"BreadcrumbList\",\"@id\":\"https:\/\/energiapolska.com.pl\/de\/datenverarbeitungsrichtlinie\/#breadcrumb\",\"itemListElement\":[{\"@type\":\"ListItem\",\"position\":1,\"name\":\"Strona g\u0142\u00f3wna\",\"item\":\"https:\/\/energiapolska.com.pl\/de\/\"},{\"@type\":\"ListItem\",\"position\":2,\"name\":\"Datenverarbeitungsrichtlinie\"}]},{\"@type\":\"WebSite\",\"@id\":\"https:\/\/energiapolska.com.pl\/de\/#website\",\"url\":\"https:\/\/energiapolska.com.pl\/de\/\",\"name\":\"Energia Polska\",\"description\":\"Dobra energia w dobrej cenie\",\"potentialAction\":[{\"@type\":\"SearchAction\",\"target\":{\"@type\":\"EntryPoint\",\"urlTemplate\":\"https:\/\/energiapolska.com.pl\/de\/?s={search_term_string}\"},\"query-input\":{\"@type\":\"PropertyValueSpecification\",\"valueRequired\":true,\"valueName\":\"search_term_string\"}}],\"inLanguage\":\"de\"}]}<\/script>\n<!-- \/ Yoast SEO plugin. -->","yoast_head_json":{"title":"Datenverarbeitungsrichtlinie - Energia Polska","robots":{"index":"index","follow":"follow","max-snippet":"max-snippet:-1","max-image-preview":"max-image-preview:large","max-video-preview":"max-video-preview:-1"},"canonical":"https:\/\/energiapolska.com.pl\/de\/datenverarbeitungsrichtlinie\/","og_locale":"de_DE","og_type":"article","og_title":"Datenverarbeitungsrichtlinie - Energia Polska","og_description":"Richtlinie zur Verarbeitung personenbezogener Daten durch Energia Polska Sp. z o.o. z o. o. In diesem Dokument wird beschrieben, welche personenbezogenen Daten von Energia Polska Sp. z o.o. erfasst werden. z o. o. (im Folgenden: das Unternehmen\/Administrator) und stellt au\u00dferdem die Art ihrer Nutzung und ihres Schutzes im Zusammenhang mit den Bestimmungen zum Schutz personenbezogener [&hellip;]","og_url":"https:\/\/energiapolska.com.pl\/de\/datenverarbeitungsrichtlinie\/","og_site_name":"Energia Polska","article_modified_time":"2024-10-08T10:19:33+00:00","og_image":[{"width":1920,"height":1195,"url":"https:\/\/energiapolska.com.pl\/wp-content\/uploads\/2022\/03\/partnership-benefits-bg.jpg","type":"image\/jpeg"}],"twitter_card":"summary_large_image","twitter_misc":{"Gesch\u00e4tzte Lesezeit":"5\u00a0Minuten"},"schema":{"@context":"https:\/\/schema.org","@graph":[{"@type":"WebPage","@id":"https:\/\/energiapolska.com.pl\/de\/datenverarbeitungsrichtlinie\/","url":"https:\/\/energiapolska.com.pl\/de\/datenverarbeitungsrichtlinie\/","name":"Datenverarbeitungsrichtlinie - Energia Polska","isPartOf":{"@id":"https:\/\/energiapolska.com.pl\/de\/#website"},"primaryImageOfPage":{"@id":"https:\/\/energiapolska.com.pl\/de\/datenverarbeitungsrichtlinie\/#primaryimage"},"image":{"@id":"https:\/\/energiapolska.com.pl\/de\/datenverarbeitungsrichtlinie\/#primaryimage"},"thumbnailUrl":"https:\/\/energiapolska.com.pl\/wp-content\/uploads\/2022\/03\/partnership-benefits-bg.jpg","datePublished":"2022-02-02T14:04:57+00:00","dateModified":"2024-10-08T10:19:33+00:00","breadcrumb":{"@id":"https:\/\/energiapolska.com.pl\/de\/datenverarbeitungsrichtlinie\/#breadcrumb"},"inLanguage":"de","potentialAction":[{"@type":"ReadAction","target":["https:\/\/energiapolska.com.pl\/de\/datenverarbeitungsrichtlinie\/"]}]},{"@type":"ImageObject","inLanguage":"de","@id":"https:\/\/energiapolska.com.pl\/de\/datenverarbeitungsrichtlinie\/#primaryimage","url":"https:\/\/energiapolska.com.pl\/wp-content\/uploads\/2022\/03\/partnership-benefits-bg.jpg","contentUrl":"https:\/\/energiapolska.com.pl\/wp-content\/uploads\/2022\/03\/partnership-benefits-bg.jpg","width":1920,"height":1195},{"@type":"BreadcrumbList","@id":"https:\/\/energiapolska.com.pl\/de\/datenverarbeitungsrichtlinie\/#breadcrumb","itemListElement":[{"@type":"ListItem","position":1,"name":"Strona g\u0142\u00f3wna","item":"https:\/\/energiapolska.com.pl\/de\/"},{"@type":"ListItem","position":2,"name":"Datenverarbeitungsrichtlinie"}]},{"@type":"WebSite","@id":"https:\/\/energiapolska.com.pl\/de\/#website","url":"https:\/\/energiapolska.com.pl\/de\/","name":"Energia Polska","description":"Dobra energia w dobrej cenie","potentialAction":[{"@type":"SearchAction","target":{"@type":"EntryPoint","urlTemplate":"https:\/\/energiapolska.com.pl\/de\/?s={search_term_string}"},"query-input":{"@type":"PropertyValueSpecification","valueRequired":true,"valueName":"search_term_string"}}],"inLanguage":"de"}]}},"_links":{"self":[{"href":"https:\/\/energiapolska.com.pl\/de\/wp-json\/wp\/v2\/pages\/9426","targetHints":{"allow":["GET"]}}],"collection":[{"href":"https:\/\/energiapolska.com.pl\/de\/wp-json\/wp\/v2\/pages"}],"about":[{"href":"https:\/\/energiapolska.com.pl\/de\/wp-json\/wp\/v2\/types\/page"}],"author":[{"embeddable":true,"href":"https:\/\/energiapolska.com.pl\/de\/wp-json\/wp\/v2\/users\/1"}],"replies":[{"embeddable":true,"href":"https:\/\/energiapolska.com.pl\/de\/wp-json\/wp\/v2\/comments?post=9426"}],"version-history":[{"count":1,"href":"https:\/\/energiapolska.com.pl\/de\/wp-json\/wp\/v2\/pages\/9426\/revisions"}],"predecessor-version":[{"id":9428,"href":"https:\/\/energiapolska.com.pl\/de\/wp-json\/wp\/v2\/pages\/9426\/revisions\/9428"}],"wp:featuredmedia":[{"embeddable":true,"href":"https:\/\/energiapolska.com.pl\/de\/wp-json\/wp\/v2\/media\/9427"}],"wp:attachment":[{"href":"https:\/\/energiapolska.com.pl\/de\/wp-json\/wp\/v2\/media?parent=9426"}],"curies":[{"name":"wp","href":"https:\/\/api.w.org\/{rel}","templated":true}]}}