{"id":9163,"date":"2024-10-07T12:58:54","date_gmt":"2024-10-07T12:58:54","guid":{"rendered":"https:\/\/energiapolska.com.pl\/?page_id=9163"},"modified":"2024-10-14T08:06:09","modified_gmt":"2024-10-14T08:06:09","slug":"abrechnungsverfahren-fuer-stromrechnungen","status":"publish","type":"page","link":"https:\/\/energiapolska.com.pl\/de\/res\/abrechnungsverfahren-fuer-stromrechnungen\/","title":{"rendered":"Abrechnungsverfahren f\u00fcr stromrechnungen"},"content":{"rendered":"<p><strong>RDN-Abrechnung f\u00fcr Erzeuger von Erneuerbaren Energien Schritt f\u00fcr Schritt<\/strong><\/p>\n<p>Im Folgenden erl\u00e4utern wir die Abrechnung der Forderungen f\u00fcr den nach der &#8222;RDN&#8220;-Methode erzeugten Strom und erkl\u00e4ren die Bedeutung der Werte, die in die Berechnung einflie\u00dfen.<\/p>\n<p><strong>RDN = \u201eRDN\u201c-Faktor * kWh<\/strong><\/p>\n<p><strong>RDN<\/strong> = Forderung des Erzeugers gegen\u00fcber dem K\u00e4ufer f\u00fcr den Abrechnungszeitraum (Nettowert der gesamten Rechnung).<\/p>\n<p>Der <strong>\u201eRDN\u201c-Faktor<\/strong> ist der volumengewichtete Durchschnittspreis des vom Erzeuger im jeweiligen Abrechnungszeitraum erzeugten Stroms. Dieser wird basierend auf den st\u00fcndlichen Vertr\u00e4gen des Day-Ahead-Marktes an der Energieb\u00f6rse Towarowa Gie\u0142da Energii S.A. (Fixing I) festgelegt. Die Berechnung erfolgt durch Multiplikation der erzeugten Strommenge (kWh) in jeder Stunde des Abrechnungszeitraums mit dem in dieser Stunde an der Energieb\u00f6rse festgelegten Strompreis (Einheitspreis in PLN\/kWh).<\/p>\n<hr \/>\n<p><strong>Berechnung der Forderungen f\u00fcr erzeugten Strom nach der &#8222;RDN&#8220;-Methode \u2013 Beispiele<\/strong><br \/>\nDas Berechnungsverfahren des <strong>\u201eRDN\u201c-Faktors<\/strong> (Einheitspreis in PLN\/MWh)<\/p>\n<p><img loading=\"lazy\" decoding=\"async\" class=\"wp-image-9316 aligncenter\" src=\"https:\/\/energiapolska.com.pl\/wp-content\/uploads\/Wspolczynnik-RDN-cena-z-TGE-Fixing-Izldane-godzinowe-MWh-suma-produkcji-godzinowej-MWh-Wspolczynnik-RDN-386-24510-zl904221005-MWh-Wspolczynnik-RDN-427158-zlMWh-2-300x53.png\" alt=\"\" width=\"974\" height=\"172\" srcset=\"https:\/\/energiapolska.com.pl\/wp-content\/uploads\/Wspolczynnik-RDN-cena-z-TGE-Fixing-Izldane-godzinowe-MWh-suma-produkcji-godzinowej-MWh-Wspolczynnik-RDN-386-24510-zl904221005-MWh-Wspolczynnik-RDN-427158-zlMWh-2-300x53.png 300w, https:\/\/energiapolska.com.pl\/wp-content\/uploads\/Wspolczynnik-RDN-cena-z-TGE-Fixing-Izldane-godzinowe-MWh-suma-produkcji-godzinowej-MWh-Wspolczynnik-RDN-386-24510-zl904221005-MWh-Wspolczynnik-RDN-427158-zlMWh-2-1024x180.png 1024w, https:\/\/energiapolska.com.pl\/wp-content\/uploads\/Wspolczynnik-RDN-cena-z-TGE-Fixing-Izldane-godzinowe-MWh-suma-produkcji-godzinowej-MWh-Wspolczynnik-RDN-386-24510-zl904221005-MWh-Wspolczynnik-RDN-427158-zlMWh-2-768x135.png 768w, https:\/\/energiapolska.com.pl\/wp-content\/uploads\/Wspolczynnik-RDN-cena-z-TGE-Fixing-Izldane-godzinowe-MWh-suma-produkcji-godzinowej-MWh-Wspolczynnik-RDN-386-24510-zl904221005-MWh-Wspolczynnik-RDN-427158-zlMWh-2-1536x271.png 1536w, https:\/\/energiapolska.com.pl\/wp-content\/uploads\/Wspolczynnik-RDN-cena-z-TGE-Fixing-Izldane-godzinowe-MWh-suma-produkcji-godzinowej-MWh-Wspolczynnik-RDN-386-24510-zl904221005-MWh-Wspolczynnik-RDN-427158-zlMWh-2.png 1833w\" sizes=\"auto, (max-width: 974px) 100vw, 974px\" \/><\/p>\n<p><strong>Unten pr\u00e4sentieren wir den berechneten \u201eRDN\u201c-Faktor basierend auf einer Beispielproduktion und den Preisen f\u00fcr drei Energiequellen.<\/strong><\/p>\n<p><strong>Informationen zur Abrechnung von Forderungen f\u00fcr Strom aus den einzelnen Erzeugungsquellen sowie einen Beispieltarif und den durchschnittlichen Nettopreis k\u00f6nnen Sie durch Klicken auf die entsprechenden Schaltfl\u00e4chen herunterladen:<\/strong><\/p>\n<p><img loading=\"lazy\" decoding=\"async\" class=\"alignnone wp-image-9319 \" src=\"https:\/\/energiapolska.com.pl\/wp-content\/uploads\/2-8-216x300.png\" alt=\"\" width=\"366\" height=\"509\" srcset=\"https:\/\/energiapolska.com.pl\/wp-content\/uploads\/2-8-216x300.png 216w, https:\/\/energiapolska.com.pl\/wp-content\/uploads\/2-8-736x1024.png 736w, https:\/\/energiapolska.com.pl\/wp-content\/uploads\/2-8-768x1069.png 768w, https:\/\/energiapolska.com.pl\/wp-content\/uploads\/2-8.png 894w\" sizes=\"auto, (max-width: 366px) 100vw, 366px\" \/><img loading=\"lazy\" decoding=\"async\" class=\"alignnone wp-image-9322 \" src=\"https:\/\/energiapolska.com.pl\/wp-content\/uploads\/3-6-216x300.png\" alt=\"\" width=\"367\" height=\"510\" srcset=\"https:\/\/energiapolska.com.pl\/wp-content\/uploads\/3-6-216x300.png 216w, https:\/\/energiapolska.com.pl\/wp-content\/uploads\/3-6-736x1024.png 736w, https:\/\/energiapolska.com.pl\/wp-content\/uploads\/3-6-768x1068.png 768w, https:\/\/energiapolska.com.pl\/wp-content\/uploads\/3-6.png 894w\" sizes=\"auto, (max-width: 367px) 100vw, 367px\" \/> <img loading=\"lazy\" decoding=\"async\" class=\"alignnone wp-image-9325 \" src=\"https:\/\/energiapolska.com.pl\/wp-content\/uploads\/4-4-218x300.png\" alt=\"\" width=\"372\" height=\"512\" srcset=\"https:\/\/energiapolska.com.pl\/wp-content\/uploads\/4-4-218x300.png 218w, https:\/\/energiapolska.com.pl\/wp-content\/uploads\/4-4-744x1024.png 744w, https:\/\/energiapolska.com.pl\/wp-content\/uploads\/4-4-768x1058.png 768w, https:\/\/energiapolska.com.pl\/wp-content\/uploads\/4-4.png 891w\" sizes=\"auto, (max-width: 372px) 100vw, 372px\" \/><\/p>\n<p><img loading=\"lazy\" decoding=\"async\" class=\"alignnone wp-image-9328 \" src=\"https:\/\/energiapolska.com.pl\/wp-content\/uploads\/Kopia-\u2013-Belka-mailing-Energia-Polska-300x78.png\" alt=\"\" width=\"1112\" height=\"289\" srcset=\"https:\/\/energiapolska.com.pl\/wp-content\/uploads\/Kopia-\u2013-Belka-mailing-Energia-Polska-300x78.png 300w, https:\/\/energiapolska.com.pl\/wp-content\/uploads\/Kopia-\u2013-Belka-mailing-Energia-Polska-1024x267.png 1024w, https:\/\/energiapolska.com.pl\/wp-content\/uploads\/Kopia-\u2013-Belka-mailing-Energia-Polska-768x200.png 768w, https:\/\/energiapolska.com.pl\/wp-content\/uploads\/Kopia-\u2013-Belka-mailing-Energia-Polska-1536x400.png 1536w, https:\/\/energiapolska.com.pl\/wp-content\/uploads\/Kopia-\u2013-Belka-mailing-Energia-Polska.png 1920w\" sizes=\"auto, (max-width: 1112px) 100vw, 1112px\" \/><\/p>\n\n<div class=\"wpcf7 no-js\" id=\"wpcf7-f9444-o1\" lang=\"pl-PL\" dir=\"ltr\" data-wpcf7-id=\"9444\">\n<div class=\"screen-reader-response\"><p role=\"status\" aria-live=\"polite\" aria-atomic=\"true\"><\/p> <ul><\/ul><\/div>\n<form action=\"\/de\/wp-json\/wp\/v2\/pages\/9163#wpcf7-f9444-o1\" method=\"post\" class=\"wpcf7-form init wpcf7-acceptance-as-validation\" aria-label=\"Formularz kontaktowy\" novalidate=\"novalidate\" data-status=\"init\">\n<div style=\"display: none;\">\n<input type=\"hidden\" name=\"_wpcf7\" value=\"9444\" \/>\n<input type=\"hidden\" name=\"_wpcf7_version\" value=\"6.0.6\" \/>\n<input type=\"hidden\" name=\"_wpcf7_locale\" value=\"pl_PL\" \/>\n<input type=\"hidden\" name=\"_wpcf7_unit_tag\" value=\"wpcf7-f9444-o1\" \/>\n<input type=\"hidden\" name=\"_wpcf7_container_post\" value=\"0\" \/>\n<input type=\"hidden\" name=\"_wpcf7_posted_data_hash\" value=\"\" \/>\n<input type=\"hidden\" name=\"_wpcf7_recaptcha_response\" value=\"\" \/>\n<\/div>\n<p><span class=\"wpcf7-form-control-wrap\" data-name=\"your-name\"><input size=\"40\" maxlength=\"400\" class=\"wpcf7-form-control wpcf7-text wpcf7-validates-as-required\" aria-required=\"true\" aria-invalid=\"false\" placeholder=\"Name der Firma*\" value=\"\" type=\"text\" name=\"your-name\" \/><\/span><br \/>\n<span class=\"wpcf7-form-control-wrap\" data-name=\"company-nip\"><input size=\"40\" maxlength=\"400\" class=\"wpcf7-form-control wpcf7-text wpcf7-validates-as-required\" aria-required=\"true\" aria-invalid=\"false\" placeholder=\"IdNr*\" value=\"\" type=\"text\" name=\"company-nip\" \/><\/span><br \/>\n[select* menu-title first_as_label \"Erzeugungsquelle*\" \"Solarenergie\u201c \"Windenergie\u201c \"Wasserkraft\" \"Energie aus Biogas und Kraft-W\u00e4rme-Kopplung\"]<br \/>\n<span class=\"wpcf7-form-control-wrap\" data-name=\"your-message\"><input size=\"40\" maxlength=\"400\" class=\"wpcf7-form-control wpcf7-text wpcf7-validates-as-required\" aria-required=\"true\" aria-invalid=\"false\" placeholder=\"Erzeugungskapazit\u00e4t*\" value=\"\" type=\"text\" name=\"your-message\" \/><\/span><br \/>\n<span class=\"wpcf7-form-control-wrap\" data-name=\"your-message2\"><input size=\"40\" maxlength=\"400\" class=\"wpcf7-form-control wpcf7-text wpcf7-validates-as-required\" aria-required=\"true\" aria-invalid=\"false\" placeholder=\"Ansprechpartner*\" value=\"\" type=\"text\" name=\"your-message2\" \/><\/span><br \/>\n<span class=\"wpcf7-form-control-wrap\" data-name=\"your-tel\"><input size=\"40\" maxlength=\"400\" class=\"wpcf7-form-control wpcf7-email wpcf7-validates-as-required wpcf7-text wpcf7-validates-as-email\" aria-required=\"true\" aria-invalid=\"false\" placeholder=\"E-Mail-Adresse*\" value=\"\" type=\"email\" name=\"your-tel\" \/><\/span><br \/>\n<span class=\"wpcf7-form-control-wrap\" data-name=\"your-email\"><input size=\"40\" maxlength=\"400\" class=\"wpcf7-form-control wpcf7-tel wpcf7-validates-as-required wpcf7-text wpcf7-validates-as-tel\" aria-required=\"true\" aria-invalid=\"false\" placeholder=\"Telefonnummer*\" value=\"\" type=\"tel\" name=\"your-email\" \/><\/span>\n<\/p>\n<p><span class=\"wpcf7-form-control-wrap\" data-name=\"accept-this-1\"><span class=\"wpcf7-form-control wpcf7-acceptance\"><span class=\"wpcf7-list-item\"><label><input type=\"checkbox\" name=\"accept-this-1\" value=\"1\" aria-invalid=\"false\" \/><span class=\"wpcf7-list-item-label\">Ich stimme der Verarbeitung der von mir angegebenen personenbezogenen Daten durch den Administrator zu, um eine Antwort zu geben oder mein Anliegen zu kl\u00e4ren.<\/span><\/label><\/span><\/span><\/span><br \/>\n<span class=\"wpcf7-form-control-wrap\" data-name=\"accept-this-2\"><span class=\"wpcf7-form-control wpcf7-acceptance\"><span class=\"wpcf7-list-item\"><label><input type=\"checkbox\" name=\"accept-this-2\" value=\"1\" aria-invalid=\"false\" \/><span class=\"wpcf7-list-item-label\">Ich stimme der \u00dcbermittlung kommerzieller Informationen \u00fcber elektronische Medien und Telekommunikationsger\u00e4te durch Energia Polska Sp. z o.o. zu. z o. o. gem\u00e4\u00df den Bestimmungen des Gesetzes vom 18. Juli 2002 \u00fcber die Bereitstellung elektronischer Dienste und des Gesetzes vom 16. Juli 2004 Telekommunikationsrecht. Mit dem Absenden einer Nachricht \u00fcber das Kontaktformular akzeptieren Sie unsere <a href=\" https:\/\/energiapolska.com.pl\/de\/datenverarbeitungsrichtlinie\/\"> Datenschutzbestimmungen<\/a>.<\/span><\/label><\/span><\/span><\/span>\n<\/p>\n<div class=\"btn\">\n\t<p><input class=\"wpcf7-form-control wpcf7-submit has-spinner\" type=\"submit\" value=\"Senden\" \/>\n\t<\/p>\n<\/div><input type='hidden' class='wpcf7-pum' value='{\"closepopup\":false,\"closedelay\":0,\"openpopup\":false,\"openpopup_id\":0}' \/><div class=\"wpcf7-response-output\" aria-hidden=\"true\"><\/div>\n<\/form>\n<\/div>\n\n","protected":false},"excerpt":{"rendered":"<p>RDN-Abrechnung f\u00fcr Erzeuger von Erneuerbaren Energien Schritt f\u00fcr Schritt Im Folgenden erl\u00e4utern wir die Abrechnung der Forderungen f\u00fcr den nach der &#8222;RDN&#8220;-Methode erzeugten Strom und erkl\u00e4ren die Bedeutung der Werte, die in die Berechnung einflie\u00dfen. RDN = \u201eRDN\u201c-Faktor * kWh RDN = Forderung des Erzeugers gegen\u00fcber dem K\u00e4ufer f\u00fcr den Abrechnungszeitraum (Nettowert der gesamten Rechnung). [&hellip;]<\/p>\n","protected":false},"author":10,"featured_media":8104,"parent":9104,"menu_order":0,"comment_status":"closed","ping_status":"closed","template":"","meta":{"_acf_changed":false,"inline_featured_image":false,"footnotes":""},"class_list":["post-9163","page","type-page","status-publish","has-post-thumbnail","hentry"],"acf":[],"yoast_head":"<!-- This site is optimized with the Yoast SEO plugin v25.2 - https:\/\/yoast.com\/wordpress\/plugins\/seo\/ -->\n<title>Abrechnungsverfahren f\u00fcr stromrechnungen - Energia Polska<\/title>\n<meta name=\"robots\" content=\"index, follow, max-snippet:-1, max-image-preview:large, max-video-preview:-1\" \/>\n<link rel=\"canonical\" href=\"https:\/\/energiapolska.com.pl\/de\/res\/abrechnungsverfahren-fuer-stromrechnungen\/\" \/>\n<meta property=\"og:locale\" content=\"de_DE\" \/>\n<meta property=\"og:type\" content=\"article\" \/>\n<meta property=\"og:title\" content=\"Abrechnungsverfahren f\u00fcr stromrechnungen - Energia Polska\" \/>\n<meta property=\"og:description\" content=\"RDN-Abrechnung f\u00fcr Erzeuger von Erneuerbaren Energien Schritt f\u00fcr Schritt Im Folgenden erl\u00e4utern wir die Abrechnung der Forderungen f\u00fcr den nach der &#8222;RDN&#8220;-Methode erzeugten Strom und erkl\u00e4ren die Bedeutung der Werte, die in die Berechnung einflie\u00dfen. RDN = \u201eRDN\u201c-Faktor * kWh RDN = Forderung des Erzeugers gegen\u00fcber dem K\u00e4ufer f\u00fcr den Abrechnungszeitraum (Nettowert der gesamten Rechnung). [&hellip;]\" \/>\n<meta property=\"og:url\" content=\"https:\/\/energiapolska.com.pl\/de\/res\/abrechnungsverfahren-fuer-stromrechnungen\/\" \/>\n<meta property=\"og:site_name\" content=\"Energia Polska\" \/>\n<meta property=\"article:modified_time\" content=\"2024-10-14T08:06:09+00:00\" \/>\n<meta property=\"og:image\" content=\"https:\/\/energiapolska.com.pl\/wp-content\/uploads\/AdobeStock_686796729-scaled.jpeg\" \/>\n\t<meta property=\"og:image:width\" content=\"2560\" \/>\n\t<meta property=\"og:image:height\" content=\"1118\" \/>\n\t<meta property=\"og:image:type\" content=\"image\/jpeg\" \/>\n<meta name=\"twitter:card\" content=\"summary_large_image\" \/>\n<meta name=\"twitter:label1\" content=\"Gesch\u00e4tzte Lesezeit\" \/>\n\t<meta name=\"twitter:data1\" content=\"3\u00a0Minuten\" \/>\n<script type=\"application\/ld+json\" class=\"yoast-schema-graph\">{\"@context\":\"https:\/\/schema.org\",\"@graph\":[{\"@type\":\"WebPage\",\"@id\":\"https:\/\/energiapolska.com.pl\/de\/res\/abrechnungsverfahren-fuer-stromrechnungen\/\",\"url\":\"https:\/\/energiapolska.com.pl\/de\/res\/abrechnungsverfahren-fuer-stromrechnungen\/\",\"name\":\"Abrechnungsverfahren f\u00fcr stromrechnungen - Energia Polska\",\"isPartOf\":{\"@id\":\"https:\/\/energiapolska.com.pl\/de\/#website\"},\"primaryImageOfPage\":{\"@id\":\"https:\/\/energiapolska.com.pl\/de\/res\/abrechnungsverfahren-fuer-stromrechnungen\/#primaryimage\"},\"image\":{\"@id\":\"https:\/\/energiapolska.com.pl\/de\/res\/abrechnungsverfahren-fuer-stromrechnungen\/#primaryimage\"},\"thumbnailUrl\":\"https:\/\/energiapolska.com.pl\/wp-content\/uploads\/AdobeStock_686796729-scaled.jpeg\",\"datePublished\":\"2024-10-07T12:58:54+00:00\",\"dateModified\":\"2024-10-14T08:06:09+00:00\",\"breadcrumb\":{\"@id\":\"https:\/\/energiapolska.com.pl\/de\/res\/abrechnungsverfahren-fuer-stromrechnungen\/#breadcrumb\"},\"inLanguage\":\"de\",\"potentialAction\":[{\"@type\":\"ReadAction\",\"target\":[\"https:\/\/energiapolska.com.pl\/de\/res\/abrechnungsverfahren-fuer-stromrechnungen\/\"]}]},{\"@type\":\"ImageObject\",\"inLanguage\":\"de\",\"@id\":\"https:\/\/energiapolska.com.pl\/de\/res\/abrechnungsverfahren-fuer-stromrechnungen\/#primaryimage\",\"url\":\"https:\/\/energiapolska.com.pl\/wp-content\/uploads\/AdobeStock_686796729-scaled.jpeg\",\"contentUrl\":\"https:\/\/energiapolska.com.pl\/wp-content\/uploads\/AdobeStock_686796729-scaled.jpeg\",\"width\":2560,\"height\":1118,\"caption\":\"Green perception of sustainable power Copy space image Place for adding text or design\"},{\"@type\":\"BreadcrumbList\",\"@id\":\"https:\/\/energiapolska.com.pl\/de\/res\/abrechnungsverfahren-fuer-stromrechnungen\/#breadcrumb\",\"itemListElement\":[{\"@type\":\"ListItem\",\"position\":1,\"name\":\"Strona g\u0142\u00f3wna\",\"item\":\"https:\/\/energiapolska.com.pl\/de\/\"},{\"@type\":\"ListItem\",\"position\":2,\"name\":\"RES\",\"item\":\"https:\/\/energiapolska.com.pl\/de\/res\/\"},{\"@type\":\"ListItem\",\"position\":3,\"name\":\"Abrechnungsverfahren f\u00fcr stromrechnungen\"}]},{\"@type\":\"WebSite\",\"@id\":\"https:\/\/energiapolska.com.pl\/de\/#website\",\"url\":\"https:\/\/energiapolska.com.pl\/de\/\",\"name\":\"Energia Polska\",\"description\":\"Dobra energia w dobrej cenie\",\"potentialAction\":[{\"@type\":\"SearchAction\",\"target\":{\"@type\":\"EntryPoint\",\"urlTemplate\":\"https:\/\/energiapolska.com.pl\/de\/?s={search_term_string}\"},\"query-input\":{\"@type\":\"PropertyValueSpecification\",\"valueRequired\":true,\"valueName\":\"search_term_string\"}}],\"inLanguage\":\"de\"}]}<\/script>\n<!-- \/ Yoast SEO plugin. -->","yoast_head_json":{"title":"Abrechnungsverfahren f\u00fcr stromrechnungen - Energia Polska","robots":{"index":"index","follow":"follow","max-snippet":"max-snippet:-1","max-image-preview":"max-image-preview:large","max-video-preview":"max-video-preview:-1"},"canonical":"https:\/\/energiapolska.com.pl\/de\/res\/abrechnungsverfahren-fuer-stromrechnungen\/","og_locale":"de_DE","og_type":"article","og_title":"Abrechnungsverfahren f\u00fcr stromrechnungen - Energia Polska","og_description":"RDN-Abrechnung f\u00fcr Erzeuger von Erneuerbaren Energien Schritt f\u00fcr Schritt Im Folgenden erl\u00e4utern wir die Abrechnung der Forderungen f\u00fcr den nach der &#8222;RDN&#8220;-Methode erzeugten Strom und erkl\u00e4ren die Bedeutung der Werte, die in die Berechnung einflie\u00dfen. RDN = \u201eRDN\u201c-Faktor * kWh RDN = Forderung des Erzeugers gegen\u00fcber dem K\u00e4ufer f\u00fcr den Abrechnungszeitraum (Nettowert der gesamten Rechnung). [&hellip;]","og_url":"https:\/\/energiapolska.com.pl\/de\/res\/abrechnungsverfahren-fuer-stromrechnungen\/","og_site_name":"Energia Polska","article_modified_time":"2024-10-14T08:06:09+00:00","og_image":[{"width":2560,"height":1118,"url":"https:\/\/energiapolska.com.pl\/wp-content\/uploads\/AdobeStock_686796729-scaled.jpeg","type":"image\/jpeg"}],"twitter_card":"summary_large_image","twitter_misc":{"Gesch\u00e4tzte Lesezeit":"3\u00a0Minuten"},"schema":{"@context":"https:\/\/schema.org","@graph":[{"@type":"WebPage","@id":"https:\/\/energiapolska.com.pl\/de\/res\/abrechnungsverfahren-fuer-stromrechnungen\/","url":"https:\/\/energiapolska.com.pl\/de\/res\/abrechnungsverfahren-fuer-stromrechnungen\/","name":"Abrechnungsverfahren f\u00fcr stromrechnungen - Energia Polska","isPartOf":{"@id":"https:\/\/energiapolska.com.pl\/de\/#website"},"primaryImageOfPage":{"@id":"https:\/\/energiapolska.com.pl\/de\/res\/abrechnungsverfahren-fuer-stromrechnungen\/#primaryimage"},"image":{"@id":"https:\/\/energiapolska.com.pl\/de\/res\/abrechnungsverfahren-fuer-stromrechnungen\/#primaryimage"},"thumbnailUrl":"https:\/\/energiapolska.com.pl\/wp-content\/uploads\/AdobeStock_686796729-scaled.jpeg","datePublished":"2024-10-07T12:58:54+00:00","dateModified":"2024-10-14T08:06:09+00:00","breadcrumb":{"@id":"https:\/\/energiapolska.com.pl\/de\/res\/abrechnungsverfahren-fuer-stromrechnungen\/#breadcrumb"},"inLanguage":"de","potentialAction":[{"@type":"ReadAction","target":["https:\/\/energiapolska.com.pl\/de\/res\/abrechnungsverfahren-fuer-stromrechnungen\/"]}]},{"@type":"ImageObject","inLanguage":"de","@id":"https:\/\/energiapolska.com.pl\/de\/res\/abrechnungsverfahren-fuer-stromrechnungen\/#primaryimage","url":"https:\/\/energiapolska.com.pl\/wp-content\/uploads\/AdobeStock_686796729-scaled.jpeg","contentUrl":"https:\/\/energiapolska.com.pl\/wp-content\/uploads\/AdobeStock_686796729-scaled.jpeg","width":2560,"height":1118,"caption":"Green perception of sustainable power Copy space image Place for adding text or design"},{"@type":"BreadcrumbList","@id":"https:\/\/energiapolska.com.pl\/de\/res\/abrechnungsverfahren-fuer-stromrechnungen\/#breadcrumb","itemListElement":[{"@type":"ListItem","position":1,"name":"Strona g\u0142\u00f3wna","item":"https:\/\/energiapolska.com.pl\/de\/"},{"@type":"ListItem","position":2,"name":"RES","item":"https:\/\/energiapolska.com.pl\/de\/res\/"},{"@type":"ListItem","position":3,"name":"Abrechnungsverfahren f\u00fcr stromrechnungen"}]},{"@type":"WebSite","@id":"https:\/\/energiapolska.com.pl\/de\/#website","url":"https:\/\/energiapolska.com.pl\/de\/","name":"Energia Polska","description":"Dobra energia w dobrej cenie","potentialAction":[{"@type":"SearchAction","target":{"@type":"EntryPoint","urlTemplate":"https:\/\/energiapolska.com.pl\/de\/?s={search_term_string}"},"query-input":{"@type":"PropertyValueSpecification","valueRequired":true,"valueName":"search_term_string"}}],"inLanguage":"de"}]}},"_links":{"self":[{"href":"https:\/\/energiapolska.com.pl\/de\/wp-json\/wp\/v2\/pages\/9163","targetHints":{"allow":["GET"]}}],"collection":[{"href":"https:\/\/energiapolska.com.pl\/de\/wp-json\/wp\/v2\/pages"}],"about":[{"href":"https:\/\/energiapolska.com.pl\/de\/wp-json\/wp\/v2\/types\/page"}],"author":[{"embeddable":true,"href":"https:\/\/energiapolska.com.pl\/de\/wp-json\/wp\/v2\/users\/10"}],"replies":[{"embeddable":true,"href":"https:\/\/energiapolska.com.pl\/de\/wp-json\/wp\/v2\/comments?post=9163"}],"version-history":[{"count":5,"href":"https:\/\/energiapolska.com.pl\/de\/wp-json\/wp\/v2\/pages\/9163\/revisions"}],"predecessor-version":[{"id":9315,"href":"https:\/\/energiapolska.com.pl\/de\/wp-json\/wp\/v2\/pages\/9163\/revisions\/9315"}],"up":[{"embeddable":true,"href":"https:\/\/energiapolska.com.pl\/de\/wp-json\/wp\/v2\/pages\/9104"}],"wp:featuredmedia":[{"embeddable":true,"href":"https:\/\/energiapolska.com.pl\/de\/wp-json\/wp\/v2\/media\/8104"}],"wp:attachment":[{"href":"https:\/\/energiapolska.com.pl\/de\/wp-json\/wp\/v2\/media?parent=9163"}],"curies":[{"name":"wp","href":"https:\/\/api.w.org\/{rel}","templated":true}]}}